{"id":2045,"date":"2019-10-14T14:32:22","date_gmt":"2019-10-14T14:32:22","guid":{"rendered":"https:\/\/fifalde.ca\/?page_id=2045"},"modified":"2021-06-17T10:31:59","modified_gmt":"2021-06-17T14:31:59","slug":"accueil","status":"publish","type":"page","link":"https:\/\/fifalde.ca\/fr\/","title":{"rendered":"Accueil"},"content":{"rendered":"<p><div class=\"fusion-fullwidth fullwidth-box fusion-builder-row-1 hundred-percent-fullwidth non-hundred-percent-height-scrolling\" style=\"--awb-border-radius-top-left:0px;--awb-border-radius-top-right:0px;--awb-border-radius-bottom-right:0px;--awb-border-radius-bottom-left:0px;--awb-background-color:#f7f5f4;--awb-flex-wrap:wrap;\" ><div class=\"fusion-builder-row fusion-row\"><div class=\"fusion-layout-column fusion_builder_column fusion-builder-column-0 fusion_builder_column_1_1 1_1 fusion-one-full fusion-column-first fusion-column-last fusion-column-no-min-height\" style=\"--awb-bg-blend:overlay;--awb-bg-size:cover;--awb-margin-top:0px;--awb-margin-bottom:20px;\"><div class=\"fusion-column-wrapper fusion-flex-column-wrapper-legacy\"><div class=\"fusion-section-separator section-separator bigtriangle fusion-section-separator-1\" style=\"--awb-spacer-height:99px;--awb-svg-margin-left:0;--awb-svg-margin-right:0;--awb-divider-height:99px;--awb-spacer-padding-top:inherit;--awb-sep-padding:0;--awb-svg-padding:0;\"><div class=\"fusion-section-separator-svg\"><svg class=\"fusion-big-triangle-candy\" xmlns=\"http:\/\/www.w3.org\/2000\/svg\" version=\"1.1\" width=\"100%\" height=\"100\" viewBox=\"0 0 100 100\" preserveAspectRatio=\"none\" fill=\"rgba(255,255,255,1)\"><path d=\"M-1 -1 L50 99 L101 -1 Z\"><\/path><\/svg><\/div><div class=\"fusion-section-separator-spacer\"><div class=\"fusion-section-separator-spacer-height\"><\/div><\/div><\/div><div class=\"fusion-clearfix\"><\/div><\/div><\/div><\/div><\/div><div class=\"fusion-fullwidth fullwidth-box fusion-builder-row-2 hundred-percent-fullwidth non-hundred-percent-height-scrolling\" style=\"--awb-background-position:left top;--awb-border-sizes-top:0px;--awb-border-sizes-bottom:0px;--awb-border-sizes-left:0px;--awb-border-sizes-right:0px;--awb-border-radius-top-left:0px;--awb-border-radius-top-right:0px;--awb-border-radius-bottom-right:0px;--awb-border-radius-bottom-left:0px;--awb-padding-top:1%;--awb-padding-right:20%;--awb-padding-bottom:1%;--awb-padding-left:20%;--awb-background-color:#f7f5f4;--awb-flex-wrap:wrap;\" ><div class=\"fusion-builder-row fusion-row\"><div class=\"fusion-layout-column fusion_builder_column fusion-builder-column-1 fusion_builder_column_1_2 1_2 fusion-one-half fusion-column-first\" style=\"--awb-bg-size:cover;width:48%; margin-right: 4%;\"><div class=\"fusion-column-wrapper fusion-flex-column-wrapper-legacy\"><div class=\"fusion-text fusion-text-1\"><h2>Formations a travers le Canada<\/h2>\n<\/div><div class=\"fusion-text fusion-text-2\"><p style=\"text-align: left;\">Notre \u00e9quipe d\u2019employ\u00e9s, de consultants et de formateurs poss\u00e8dent de nombreuses ann\u00e9es d\u2019exp\u00e9rience pratique dans les domaines du soutien et de l\u2019offre de services \u00e0 des entreprises priv\u00e9es, \u00e0 l\u2019industrie bancaire et \u00e0 des organismes de tous les niveaux de gouvernement.<\/p>\n<\/div><div class=\"fusion-sep-clear\"><\/div><div class=\"fusion-separator fusion-full-width-sep\" style=\"margin-left: auto;margin-right: auto;margin-top:0px;width:100%;\"><\/div><div class=\"fusion-sep-clear\"><\/div><ul style=\"--awb-size:16px;--awb-line-height:27.2px;--awb-icon-width:27.2px;--awb-icon-height:27.2px;--awb-icon-margin:11.2px;--awb-content-margin:38.4px;\" class=\"fusion-checklist fusion-checklist-1 fusion-checklist-default type-icons\"><li class=\"fusion-li-item\" style=\"\"><span class=\"icon-wrapper circle-no\"><i class=\"fusion-li-icon fa-certificate fas\" aria-hidden=\"true\"><\/i><\/span><div class=\"fusion-li-item-content\">\n<p><strong>Formation &amp; Certification<\/strong> &#8211; ITIL\u00ae, COBIT\u00ae et ISO\/IEC<\/p>\n<\/div><\/li><li class=\"fusion-li-item\" style=\"\"><span class=\"icon-wrapper circle-no\"><i class=\"fusion-li-icon fa-user-tie fas\" aria-hidden=\"true\"><\/i><\/span><div class=\"fusion-li-item-content\">\n<p class=\"page-header-title\"><strong>Consultations <\/strong>&#8211; gestion des services, d\u00e9finition de strat\u00e9gies, de mod\u00e8les de gouvernance, en gestion des risques et en gestion de la s\u00e9curit\u00e9 \u00e0 l\u2019aide de pratiques exemplaires<\/p>\n<\/div><\/li><\/ul><div class=\"fusion-sep-clear\"><\/div><div class=\"fusion-separator fusion-full-width-sep\" style=\"margin-left: auto;margin-right: auto;margin-top:5px;width:100%;\"><\/div><div class=\"fusion-sep-clear\"><\/div><div class=\"fusion-text fusion-text-3\"><p style=\"text-align: left;\">Nous offrons un \u00e9ventail de cours complet, des cours de base au niveau d\u2019expertise. Il est possible de suivre la majorit\u00e9 de nos cours en classe ou en ligne.<\/p>\n<\/div><div class=\"fusion-clearfix\"><\/div><\/div><\/div><div class=\"fusion-layout-column fusion_builder_column fusion-builder-column-2 fusion_builder_column_1_2 1_2 fusion-one-half fusion-column-last\" style=\"--awb-bg-size:cover;width:48%;\"><div class=\"fusion-column-wrapper fusion-flex-column-wrapper-legacy\"><div class=\"fusion-text fusion-text-4\"><h2>Ce que nous faisons<\/h2>\n<\/div><div class=\"accordian fusion-accordian\" style=\"--awb-border-size:0px;--awb-icon-size:25px;--awb-content-font-size:16px;--awb-icon-alignment:left;--awb-hover-color:#ffffff;--awb-border-color:#e7e4e2;--awb-background-color:#ffffff;--awb-divider-color:#e7e4e2;--awb-divider-hover-color:#e7e4e2;--awb-icon-color:#e8004d;--awb-title-color:#e8004d;--awb-content-color:#302828;--awb-icon-box-color:#333333;--awb-toggle-hover-accent-color:#1a80b6;--awb-title-font-family:&quot;Raleway&quot;;--awb-title-font-weight:700;--awb-title-font-style:normal;--awb-title-font-size:15px;--awb-content-font-family:&quot;Raleway&quot;;--awb-content-font-style:normal;--awb-content-font-weight:500;\"><div class=\"panel-group fusion-toggle-icon-unboxed\" id=\"accordion-2045-1\"><div class=\"fusion-panel panel-default panel-047debc1616ba84ed fusion-toggle-no-divider fusion-toggle-boxed-mode\"><div class=\"panel-heading\"><h4 class=\"panel-title toggle\" id=\"toggle_047debc1616ba84ed\"><a aria-expanded=\"false\" aria-controls=\"047debc1616ba84ed\" role=\"button\" data-toggle=\"collapse\" data-parent=\"#accordion-2045-1\" data-target=\"#047debc1616ba84ed\" href=\"#047debc1616ba84ed\"><span class=\"fusion-toggle-icon-wrapper\" aria-hidden=\"true\"><i class=\"fa-fusion-box active-icon awb-icon-minus\" aria-hidden=\"true\"><\/i><i class=\"fa-fusion-box inactive-icon awb-icon-plus\" aria-hidden=\"true\"><\/i><\/span><span class=\"fusion-toggle-heading\">CONSULTATION<\/span><\/a><\/h4><\/div><div id=\"047debc1616ba84ed\" class=\"panel-collapse collapse \" aria-labelledby=\"toggle_047debc1616ba84ed\"><div class=\"panel-body toggle-content fusion-clearfix\">\n<p>Fifalde Conseil Inc. est une agence de conseil ind\u00e9pendante \u00e0 la fiabilit\u00e9 \u00e9prouv\u00e9e qui aide les organisations \u00e0 optimiser l\u2019efficacit\u00e9 de leurs activit\u00e9s et \u00e0 accro\u00eetre la valeur de leurs services. Nous sommes sp\u00e9cialis\u00e9s dans l\u2019offre de services de formation et de consultation en gestion des services, d\u00e9finition de strat\u00e9gies, de mod\u00e8les de gouvernance, en gestion des risques et en gestion de la s\u00e9curit\u00e9 \u00e0 l\u2019aide de pratiques exemplaires, telles que l\u2019Information Technology Infrastructure Library (ITIL<sup>MD<\/sup>), TIPA<sup>MD<\/sup>\u00a0et TOGAF<sup>MD<\/sup>, et de normes, telles que ISO 9001, 31000, ISO\/CEI 20000, 27001, 38500, pour ne nommer que ces quelques exemples.<\/p>\n<p>L\u2019\u00e9quipe de Fifalde Conseil Inc. comprend un r\u00e9seau des meilleurs consultants de l\u2019industrie.<\/p>\n<\/div><\/div><\/div><div class=\"fusion-panel panel-default panel-a7770354b1ed864c8 fusion-toggle-no-divider fusion-toggle-boxed-mode\"><div class=\"panel-heading\"><h4 class=\"panel-title toggle\" id=\"toggle_a7770354b1ed864c8\"><a aria-expanded=\"false\" aria-controls=\"a7770354b1ed864c8\" role=\"button\" data-toggle=\"collapse\" data-parent=\"#accordion-2045-1\" data-target=\"#a7770354b1ed864c8\" href=\"#a7770354b1ed864c8\"><span class=\"fusion-toggle-icon-wrapper\" aria-hidden=\"true\"><i class=\"fa-fusion-box active-icon awb-icon-minus\" aria-hidden=\"true\"><\/i><i class=\"fa-fusion-box inactive-icon awb-icon-plus\" aria-hidden=\"true\"><\/i><\/span><span class=\"fusion-toggle-heading\">FORMATION<\/span><\/a><\/h4><\/div><div id=\"a7770354b1ed864c8\" class=\"panel-collapse collapse \" aria-labelledby=\"toggle_a7770354b1ed864c8\"><div class=\"panel-body toggle-content fusion-clearfix\">\n<p>Ce site, tenu \u00e0 jour par un organisme de formation agr\u00e9\u00e9 (OFA) accr\u00e9dit\u00e9 par Peoplecert, n\u2019est pas le site officiel de la marque.<\/p>\n<p>Fifalde Consulting Inc. offre l\u2019ensemble des cours de formation ITIL<sup>MD<\/sup>, COBIT et ISO\/IEC permettant d\u2019obtenir les certifications connexes. \u00c0 cet \u00e9gard, nous offrons un \u00e9ventail de cours complet, des cours de base au niveau d\u2019expertise.<\/p>\n<p>Il est possible de suivre la majorit\u00e9 de nos cours en classe ou en ligne.<\/p>\n<\/div><\/div><\/div><div class=\"fusion-panel panel-default panel-979c1b6d6cbe3b93d fusion-toggle-no-divider fusion-toggle-boxed-mode\"><div class=\"panel-heading\"><h4 class=\"panel-title toggle\" id=\"toggle_979c1b6d6cbe3b93d\"><a aria-expanded=\"false\" aria-controls=\"979c1b6d6cbe3b93d\" role=\"button\" data-toggle=\"collapse\" data-parent=\"#accordion-2045-1\" data-target=\"#979c1b6d6cbe3b93d\" href=\"#979c1b6d6cbe3b93d\"><span class=\"fusion-toggle-icon-wrapper\" aria-hidden=\"true\"><i class=\"fa-fusion-box active-icon awb-icon-minus\" aria-hidden=\"true\"><\/i><i class=\"fa-fusion-box inactive-icon awb-icon-plus\" aria-hidden=\"true\"><\/i><\/span><span class=\"fusion-toggle-heading\">NOTRE PROMESSE<\/span><\/a><\/h4><\/div><div id=\"979c1b6d6cbe3b93d\" class=\"panel-collapse collapse \" aria-labelledby=\"toggle_979c1b6d6cbe3b93d\"><div class=\"panel-body toggle-content fusion-clearfix\">\n<p>Nous faisons tout notre possible pour r\u00e9pondre aux besoins de nos clients, de leurs employ\u00e9s et de leurs investisseurs. Nous nous acquittons de cette t\u00e2che en adoptant constamment une approche novatrice vis \u00e0 vis des strat\u00e9gies de services pour r\u00e9soudre les probl\u00e8mes courants et potentiels des entreprises. Quelle que soit la nature de votre initiative, nous serons en mesure de vous aider \u00e0 faire de votre vision une r\u00e9alit\u00e9.<\/p>\n<p>N\u2019h\u00e9sitez pas \u00e0 consulter notre site Web pour obtenir davantage d\u2019information sur nos produits et nos services. Si vous avez des questions, ou souhaitez discuter avec un repr\u00e9sentant de Fifalde, veuillez communiquer avec nous par\u00a0<a href=\"mailto:info@fifalde.ca\">courriel<\/a>\u00a0ou par t\u00e9l\u00e9phone, au 613.699.3005.<\/p>\n<\/div><\/div><\/div><\/div><\/div><div class=\"fusion-clearfix\"><\/div><\/div><\/div><\/div><\/div><div class=\"fusion-fullwidth fullwidth-box fusion-builder-row-3 hundred-percent-fullwidth non-hundred-percent-height-scrolling\" style=\"--awb-background-position:left top;--awb-border-sizes-top:0px;--awb-border-sizes-bottom:0px;--awb-border-sizes-left:0px;--awb-border-sizes-right:0px;--awb-border-radius-top-left:0px;--awb-border-radius-top-right:0px;--awb-border-radius-bottom-right:0px;--awb-border-radius-bottom-left:0px;--awb-padding-top:0px;--awb-padding-right:0px;--awb-padding-bottom:0px;--awb-padding-left:0px;--awb-flex-wrap:wrap;\" ><div class=\"fusion-builder-row fusion-row\"><div class=\"fusion-layout-column fusion_builder_column fusion-builder-column-3 fusion_builder_column_1_3 1_3 fusion-one-third fusion-column-first fusion-column-inner-bg-wrapper\" style=\"--awb-padding-top:18%;--awb-padding-bottom:18%;--awb-inner-bg-image:url(&#039;https:\/\/fifalde.ca\/wp-content\/uploads\/2015\/12\/home_courses_section_bg.jpg&#039;);--awb-inner-bg-size:cover;--awb-margin-top:0px;--awb-margin-bottom:0px;width:33.333333333333%;width:calc(33.333333333333% - ( ( 0px + 0px ) * 0.33333333333333 ) );margin-right: 0px;\"><span class=\"fusion-column-inner-bg hover-type-zoomin\"><a class=\"fusion-column-anchor\" href=\"https:\/\/fifalde.ca\/fr\/services-2\/\"><span class=\"fusion-column-inner-bg-image\"><\/span><\/a><\/span><div class=\"fusion-column-wrapper fusion-column-has-shadow fusion-flex-column-wrapper-legacy fusion-column-has-bg-image\" data-bg-url=\"https:\/\/fifalde.ca\/wp-content\/uploads\/2015\/12\/home_courses_section_bg.jpg\"><div class=\"fusion-sep-clear\"><\/div><div class=\"fusion-separator fusion-no-small-visibility fusion-no-medium-visibility fusion-full-width-sep\" style=\"margin-left: auto;margin-right: auto;margin-top:170px;width:100%;\"><\/div><div class=\"fusion-sep-clear\"><\/div><div class=\"fusion-text fusion-text-5\"><h3 style=\"text-align: center;\"><span style=\"color: #ffffff;\">NOS SERVICES<\/span><\/h3>\n<\/div><div class=\"fusion-sep-clear\"><\/div><div class=\"fusion-separator\" style=\"margin-left: auto;margin-right: auto;margin-top:0px;margin-bottom:30px;width:100%;max-width:60px;\"><div class=\"fusion-separator-border sep-single sep-solid\" style=\"--awb-height:20px;--awb-amount:20px;--awb-sep-color:#ef983d;border-color:#ef983d;border-top-width:1px;\"><\/div><\/div><div class=\"fusion-sep-clear\"><\/div><div class=\"fusion-text fusion-text-6\"><p style=\"text-align: center;\"><a href=\"https:\/\/fifalde.ca\/lates-news\/\"><span style=\"color: #ffffff;\">En savoir plus<\/span><\/a><\/p>\n<\/div><div class=\"fusion-sep-clear\"><\/div><div class=\"fusion-separator fusion-no-small-visibility fusion-no-medium-visibility fusion-full-width-sep\" style=\"margin-left: auto;margin-right: auto;margin-top:170px;width:100%;\"><\/div><div class=\"fusion-sep-clear\"><\/div><div class=\"fusion-clearfix\"><\/div><\/div><\/div><div class=\"fusion-layout-column fusion_builder_column fusion-builder-column-4 fusion_builder_column_1_3 1_3 fusion-one-third fusion-column-inner-bg-wrapper\" style=\"--awb-padding-top:18%;--awb-padding-bottom:18%;--awb-inner-bg-image:url(&#039;https:\/\/fifalde.ca\/wp-content\/uploads\/2019\/10\/home_main_slider_bg-1024x614.jpg&#039;);--awb-inner-bg-size:cover;--awb-margin-top:0px;--awb-margin-bottom:0px;width:33.333333333333%;width:calc(33.333333333333% - ( ( 0px + 0px ) * 0.33333333333333 ) );margin-right: 0px;\"><span class=\"fusion-column-inner-bg hover-type-zoomin\"><a class=\"fusion-column-anchor\" href=\"https:\/\/fifalde.ca\/fr\/formation\/\"><span class=\"fusion-column-inner-bg-image\"><\/span><\/a><\/span><div class=\"fusion-column-wrapper fusion-column-has-shadow fusion-flex-column-wrapper-legacy fusion-column-has-bg-image\" data-bg-url=\"https:\/\/fifalde.ca\/wp-content\/uploads\/2019\/10\/home_main_slider_bg-1024x614.jpg\"><div class=\"fusion-sep-clear\"><\/div><div class=\"fusion-separator fusion-no-small-visibility fusion-no-medium-visibility fusion-full-width-sep\" style=\"margin-left: auto;margin-right: auto;margin-top:170px;width:100%;\"><\/div><div class=\"fusion-sep-clear\"><\/div><div class=\"fusion-text fusion-text-7\"><h3 style=\"text-align: center;\"><span style=\"color: #ffffff;\">FORMATIONS<\/span><\/h3>\n<\/div><div class=\"fusion-sep-clear\"><\/div><div class=\"fusion-separator\" style=\"margin-left: auto;margin-right: auto;margin-top:0px;margin-bottom:30px;width:100%;max-width:60px;\"><div class=\"fusion-separator-border sep-single sep-solid\" style=\"--awb-height:20px;--awb-amount:20px;--awb-sep-color:#ef983d;border-color:#ef983d;border-top-width:1px;\"><\/div><\/div><div class=\"fusion-sep-clear\"><\/div><div class=\"fusion-text fusion-text-8\"><p style=\"text-align: center;\"><a href=\"https:\/\/fifalde.ca\/courses\/\"><span style=\"color: #ffffff;\">En savoir plus<\/span><\/a><\/p>\n<\/div><div class=\"fusion-sep-clear\"><\/div><div class=\"fusion-separator fusion-no-small-visibility fusion-no-medium-visibility fusion-full-width-sep\" style=\"margin-left: auto;margin-right: auto;margin-top:170px;width:100%;\"><\/div><div class=\"fusion-sep-clear\"><\/div><div class=\"fusion-clearfix\"><\/div><\/div><\/div><div class=\"fusion-layout-column fusion_builder_column fusion-builder-column-5 fusion_builder_column_1_3 1_3 fusion-one-third fusion-column-last fusion-column-inner-bg-wrapper\" style=\"--awb-padding-top:18%;--awb-padding-bottom:18%;--awb-inner-bg-image:url(&#039;https:\/\/fifalde.ca\/wp-content\/uploads\/2015\/12\/admissions_ptb_top_bg.jpg&#039;);--awb-inner-bg-position:center center;--awb-inner-bg-size:cover;--awb-margin-top:0px;--awb-margin-bottom:0px;width:33.333333333333%;width:calc(33.333333333333% - ( ( 0px + 0px ) * 0.33333333333333 ) );\"><span class=\"fusion-column-inner-bg hover-type-zoomin\"><a class=\"fusion-column-anchor\" href=\"https:\/\/fifalde.ca\/fr\/formation\/\"><span class=\"fusion-column-inner-bg-image\"><\/span><\/a><\/span><div class=\"fusion-column-wrapper fusion-column-has-shadow fusion-flex-column-wrapper-legacy fusion-column-has-bg-image\" data-bg-url=\"https:\/\/fifalde.ca\/wp-content\/uploads\/2015\/12\/admissions_ptb_top_bg.jpg\"><div class=\"fusion-sep-clear\"><\/div><div class=\"fusion-separator fusion-no-small-visibility fusion-no-medium-visibility fusion-full-width-sep\" style=\"margin-left: auto;margin-right: auto;margin-top:170px;width:100%;\"><\/div><div class=\"fusion-sep-clear\"><\/div><div class=\"fusion-text fusion-text-9\"><h3 style=\"text-align: center;\"><span style=\"color: #ffffff;\">FORMATIONS EN LIGNE<\/span><\/h3>\n<\/div><div class=\"fusion-sep-clear\"><\/div><div class=\"fusion-separator\" style=\"margin-left: auto;margin-right: auto;margin-top:0px;margin-bottom:30px;width:100%;max-width:60px;\"><div class=\"fusion-separator-border sep-single sep-solid\" style=\"--awb-height:20px;--awb-amount:20px;--awb-sep-color:#ef983d;border-color:#ef983d;border-top-width:1px;\"><\/div><\/div><div class=\"fusion-sep-clear\"><\/div><div class=\"fusion-text fusion-text-10\"><p style=\"text-align: center;\"><a href=\"\/?page_id=2692\"><span style=\"color: #ffffff;\">En savoir plus<\/span><\/a><\/p>\n<\/div><div class=\"fusion-sep-clear\"><\/div><div class=\"fusion-separator fusion-no-small-visibility fusion-no-medium-visibility fusion-full-width-sep\" style=\"margin-left: auto;margin-right: auto;margin-top:170px;width:100%;\"><\/div><div class=\"fusion-sep-clear\"><\/div><div class=\"fusion-clearfix\"><\/div><\/div><\/div><\/div><\/div><div class=\"fusion-fullwidth fullwidth-box fusion-builder-row-4 hundred-percent-fullwidth non-hundred-percent-height-scrolling\" style=\"--awb-background-position:left top;--awb-border-sizes-top:0px;--awb-border-sizes-bottom:0px;--awb-border-sizes-left:0px;--awb-border-sizes-right:0px;--awb-border-radius-top-left:0px;--awb-border-radius-top-right:0px;--awb-border-radius-bottom-right:0px;--awb-border-radius-bottom-left:0px;--awb-padding-top:100px;--awb-padding-right:20%;--awb-padding-bottom:4%;--awb-padding-left:20%;--awb-background-color:#f7f5f4;--awb-flex-wrap:wrap;\" ><div class=\"fusion-builder-row fusion-row\"><div class=\"fusion-layout-column fusion_builder_column fusion-builder-column-6 fusion_builder_column_1_6 1_6 fusion-one-sixth fusion-column-first fusion-no-small-visibility\" style=\"--awb-bg-size:cover;width:13.3333%; margin-right: 4%;\"><div class=\"fusion-column-wrapper fusion-flex-column-wrapper-legacy\"><div class=\"fusion-clearfix\"><\/div><\/div><\/div><div class=\"fusion-layout-column fusion_builder_column fusion-builder-column-7 fusion_builder_column_2_3 2_3 fusion-two-third\" style=\"--awb-bg-size:cover;--awb-margin-bottom:30px;width:65.3333%; margin-right: 4%;\"><div class=\"fusion-column-wrapper fusion-flex-column-wrapper-legacy\"><div class=\"fusion-image-element fusion-image-align-center in-legacy-container\" style=\"text-align:center;--awb-caption-title-font-family:var(--h2_typography-font-family);--awb-caption-title-font-weight:var(--h2_typography-font-weight);--awb-caption-title-font-style:var(--h2_typography-font-style);--awb-caption-title-size:var(--h2_typography-font-size);--awb-caption-title-transform:var(--h2_typography-text-transform);--awb-caption-title-line-height:var(--h2_typography-line-height);--awb-caption-title-letter-spacing:var(--h2_typography-letter-spacing);\"><div class=\"imageframe-align-center\"><span class=\" fusion-imageframe imageframe-none imageframe-1 hover-type-none\"><a class=\"fusion-no-lightbox\" href=\"https:\/\/themeforest.net\/item\/avada-responsive-multipurpose-theme\/2833226?ref=ThemeFusion\" target=\"_blank\" aria-label=\"Fifalde-Logo-EN-without-Tagline-300&#215;165\" rel=\"noopener noreferrer\"><img decoding=\"async\" width=\"300\" height=\"165\" src=\"https:\/\/fifalde.ca\/wp-content\/uploads\/2019\/09\/Fifalde-Logo-EN-without-Tagline-300x165-300x165.png\" alt class=\"img-responsive wp-image-1957\"\/><\/a><\/span><\/div><\/div><div class=\"fusion-sep-clear\"><\/div><div class=\"fusion-separator fusion-full-width-sep\" style=\"margin-left: auto;margin-right: auto;margin-top:40px;width:100%;\"><\/div><div class=\"fusion-sep-clear\"><\/div><div class=\"fusion-text fusion-text-11\"><h2 style=\"text-align: center;\">Le tremplin pour la transformation de vos affaires<\/h2>\n<\/div><div class=\"fusion-text fusion-text-12\"><p style=\"text-align: center; font-size: 20px;\">Agence de conseil ind\u00e9pendante \u00e0 la fiabilit\u00e9 \u00e9prouv\u00e9e qui aide les organisations \u00e0 optimiser l\u2019efficacit\u00e9 de leurs activit\u00e9s et \u00e0 accro\u00eetre la valeur de leurs services.<\/p>\n<\/div><div class=\"fusion-sep-clear\"><\/div><div class=\"fusion-separator\" style=\"margin-left: auto;margin-right: auto;margin-top:15px;margin-bottom:35px;width:100%;max-width:170px;\"><div class=\"fusion-separator-border sep-single sep-solid\" style=\"--awb-height:20px;--awb-amount:20px;--awb-sep-color:#ef9a3d;border-color:#ef9a3d;border-top-width:1px;\"><\/div><\/div><div class=\"fusion-sep-clear\"><\/div><div class=\"fusion-clearfix\"><\/div><\/div><\/div><div class=\"fusion-layout-column fusion_builder_column fusion-builder-column-8 fusion_builder_column_1_6 1_6 fusion-one-sixth fusion-column-last fusion-no-small-visibility\" style=\"--awb-bg-size:cover;width:13.3333%;\"><div class=\"fusion-column-wrapper fusion-flex-column-wrapper-legacy\"><div class=\"fusion-sep-clear\"><\/div><div class=\"fusion-separator fusion-full-width-sep\" style=\"margin-left: auto;margin-right: auto;margin-top:20px;width:100%;\"><\/div><div class=\"fusion-sep-clear\"><\/div><div class=\"fusion-clearfix\"><\/div><\/div><\/div><\/div><\/div><div class=\"fusion-fullwidth fullwidth-box fusion-builder-row-5 hundred-percent-fullwidth non-hundred-percent-height-scrolling\" style=\"--awb-background-position:left top;--awb-border-sizes-top:0px;--awb-border-sizes-bottom:0px;--awb-border-sizes-left:0px;--awb-border-sizes-right:0px;--awb-border-radius-top-left:0px;--awb-border-radius-top-right:0px;--awb-border-radius-bottom-right:0px;--awb-border-radius-bottom-left:0px;--awb-padding-top:50px;--awb-padding-right:20%;--awb-padding-bottom:45px;--awb-padding-left:20%;--awb-background-color:#333c4e;--awb-flex-wrap:wrap;\" ><div class=\"fusion-builder-row fusion-row\"><div class=\"fusion-layout-column fusion_builder_column fusion-builder-column-9 fusion_builder_column_1_1 1_1 fusion-one-full fusion-column-first fusion-column-last fusion-column-no-min-height\" style=\"--awb-bg-size:cover;--awb-margin-top:4%;--awb-margin-bottom:3%;\"><div class=\"fusion-column-wrapper fusion-flex-column-wrapper-legacy\"><div class=\"fusion-text fusion-text-13\"><h3 style=\"text-align: center; font-size: 30px; color: #ffffff;\">Acc\u00e9dez \u00e0 plus de <span style=\"color: #f97070;\">70 Formations Certifi\u00e9es.<\/span> D\u00e9couvrez Fifalde maintenant!<\/h3>\n<\/div><div class=\"fusion-sep-clear\"><\/div><div class=\"fusion-separator fusion-full-width-sep\" style=\"margin-left: auto;margin-right: auto;margin-top:-25px;width:100%;\"><\/div><div class=\"fusion-sep-clear\"><\/div><div class=\"fusion-sep-clear\"><\/div><div class=\"fusion-separator fusion-full-width-sep\" style=\"margin-left: auto;margin-right: auto;margin-top:15px;width:100%;\"><\/div><div class=\"fusion-sep-clear\"><\/div><div class=\"fusion-text fusion-text-14\"><p style=\"text-align: center;\"><span style=\"color: #ffffff;\"><strong>Nous vous remercions d\u2019avoir consult\u00e9 le site de Fifalde Conseil Inc.,<br \/>\n<\/strong>un fournisseur accr\u00e9dit\u00e9 de services de formation et de conseil en gestion des services. Nous offrons une formation accr\u00e9dit\u00e9e, souple et durable concernant ITIL<sup>MD<\/sup>, ainsi qu\u2019une formation sur ISO 9001, ISO 31000, ISO\/CEI 20000, ISO\/CEI 27001, ISO\/CEI 27002, TIPA<sup>MD<\/sup>, TOGAF<sup>MD<\/sup>\u00a0et bien d\u2019autres.<\/span><\/p>\n<\/div><div class=\"fusion-clearfix\"><\/div><\/div><\/div><\/div><\/div><\/p>\n","protected":false},"excerpt":{"rendered":"","protected":false},"author":1,"featured_media":0,"parent":0,"menu_order":0,"comment_status":"closed","ping_status":"closed","template":"100-width.php","meta":{"_price":"","_stock":"","_tribe_ticket_header":"","_tribe_default_ticket_provider":"","_tribe_ticket_capacity":"0","_ticket_start_date":"","_ticket_end_date":"","_tribe_ticket_show_description":"","_tribe_ticket_show_not_going":false,"_tribe_ticket_use_global_stock":"","_tribe_ticket_global_stock_level":"","_global_stock_mode":"","_global_stock_cap":"","_tribe_rsvp_for_event":"","_tribe_ticket_going_count":"","_tribe_ticket_not_going_count":"","_tribe_tickets_list":"[]","_tribe_ticket_has_attendee_info_fields":false,"footnotes":"","_links_to":"","_links_to_target":""},"class_list":["post-2045","page","type-page","status-publish","hentry"],"_links":{"self":[{"href":"https:\/\/fifalde.ca\/fr\/wp-json\/wp\/v2\/pages\/2045","targetHints":{"allow":["GET"]}}],"collection":[{"href":"https:\/\/fifalde.ca\/fr\/wp-json\/wp\/v2\/pages"}],"about":[{"href":"https:\/\/fifalde.ca\/fr\/wp-json\/wp\/v2\/types\/page"}],"author":[{"embeddable":true,"href":"https:\/\/fifalde.ca\/fr\/wp-json\/wp\/v2\/users\/1"}],"replies":[{"embeddable":true,"href":"https:\/\/fifalde.ca\/fr\/wp-json\/wp\/v2\/comments?post=2045"}],"version-history":[{"count":0,"href":"https:\/\/fifalde.ca\/fr\/wp-json\/wp\/v2\/pages\/2045\/revisions"}],"wp:attachment":[{"href":"https:\/\/fifalde.ca\/fr\/wp-json\/wp\/v2\/media?parent=2045"}],"curies":[{"name":"wp","href":"https:\/\/api.w.org\/{rel}","templated":true}]}}